{"id":826,"date":"2022-10-28T16:58:40","date_gmt":"2022-10-28T19:58:40","guid":{"rendered":"https:\/\/isfd809-chu.infd.edu.ar\/sitio\/?page_id=826"},"modified":"2024-03-11T02:14:57","modified_gmt":"2024-03-11T05:14:57","slug":"el-instituto","status":"publish","type":"page","link":"https:\/\/isfd809-chu.infd.edu.ar\/sitio\/el-instituto\/","title":{"rendered":"Nuestra Historia"},"content":{"rendered":"\n<p>La historia del ISFD 809 se remonta a un origen com\u00fan con otras instituciones surgidas hace 75 a\u00f1os. Nos ayuda el Prof. Jorge Oriola en su trabajo hist\u00f3rico que est\u00e1 disponible para descargar de manera completa:<\/p>\n\n\n\n<blockquote class=\"wp-block-quote is-style-default\">\n<p><em>\u00abLa ex Escuela Normal de Esquel fue la primera escuela secundaria y de formaci\u00f3n docente en la regi\u00f3n noroeste del Chubut, adem\u00e1s fue la escuela de la clase media de la ciudad, en especial, familias vinculadas a la dirigencia local. Su funcionamiento gravit\u00f3 socialmente desde sus inicios, en 1945 (como escuela secundaria de tipo comunitario), hasta su disoluci\u00f3n en 1995. &#8230;.<\/em><\/p>\n\n\n\n<p><em>&#8230;. Es posible ensayar una periodizaci\u00f3n en la historia institucional. Una primera etapa corresponde al origen como escuela de tipo comunitario. Fue el Instituto de Ense\u00f1anza Secundaria, creado por vecinos interesados en obtener en la ciudad una escuela de ese tipo. Dicha etapa transcurri\u00f3 entre 1945 y 1951. En este \u00faltimo a\u00f1o se crea la Escuela Normal Regional de Maestros, es decir, la segunda etapa. En 1957 y hasta 1969 se denomin\u00f3 Escuela Nacional Normal y durante la presidencia de Frondizi recibe su denominaci\u00f3n: \u00abRep\u00fablica de Costa Rica\u00bb. Desde 1970 fue la Escuela Nacional Normal Superior, su \u00faltima etapa, hasta la disoluci\u00f3n, ocurrida en 1995. &#8230;.<\/em><\/p>\n\n\n\n<p><em>&#8230; Pasado el conflictivo proceso de Transferencia, a partir de 1995 la Escuela Normal se disolvi\u00f3, paso que no dej\u00f3 de ser traum\u00e1tico para todos los involucrados. Los Departamentos de Aplicaci\u00f3n de los niveles Inicial y Primario se convirtieron respectivamente en las Escuelas N\u00ba 436 y 205, \u00e9sta de EGB 1y 2; el nivel Medio pas\u00f3 a ser Escuela N\u00ba 767 de EGB3 y Polimodal y el Profesorado se transform\u00f3 en Instituto Superior de Formaci\u00f3n Docente N\u00ba 809. De ellas, la tercera tom\u00f3 el nombre del fundador del IES y rector de la vieja Normal, Juli\u00e1n Ripa y el Profesorado guard\u00f3 el de \u00abRep\u00fablica de Costa Rica\u00bb. Todas conviven, comparten el mismo edificio y tanto por la tradici\u00f3n como por el funcionamiento en el mismo establecimiento se siguen reconociendo como \u00abla Normal\u00bb en el imaginario general. Seguramente este proceso durar\u00e1 varios a\u00f1os m\u00e1s, aunque ya comienzan a escucharse las numeraciones como elemento distintivo&#8230;.<\/em><\/p>\n\n\n\n<p><em>&#8230; el Instituto de Formaci\u00f3n Docente entr\u00f3 en un dif\u00edcil proceso de cambio, en virtud de diversas planificaciones curriculares y de sus carreras, producto de una serie de err\u00e1ticas medidas oficiales que promovieron permanentes debates internos. No obstante, siguen egresando maestros con t\u00edtulos de nivel Superior, cubriendo en gran parte las demandas del mercado laboral de la regi\u00f3n. Este instituto guarda entonces el mandato fundacional de la vieja Escuela Normal creada en 1951. No s\u00f3lo se forman docentes de niveles Inicial, Primaria y Secundaria; el \u00abprofesorado\u00bb produce cursos de capacitaci\u00f3n para el sector y uno de sus programas genera investigaciones de tipo socio-educativo y actividades de extensi\u00f3n cuyo alcance comunitario-educativo le va dando un perfil propio y destacado.\u00bb<\/em><\/p>\n<\/blockquote>\n","protected":false},"excerpt":{"rendered":"<p>La historia del ISFD 809 se remonta a un origen com\u00fan con otras instituciones surgidas hace 75 a\u00f1os. Nos ayuda el Prof. Jorge Oriola en su trabajo hist\u00f3rico que est\u00e1 disponible para descargar de manera completa: \u00abLa ex Escuela Normal de Esquel fue la primera escuela secundaria y de formaci\u00f3n docente en la regi\u00f3n noroeste &#8230; <a title=\"Nuestra Historia\" class=\"read-more\" href=\"https:\/\/isfd809-chu.infd.edu.ar\/sitio\/el-instituto\/\" aria-label=\"More on Nuestra Historia\">[+]<\/a><\/p>\n","protected":false},"author":1518,"featured_media":0,"parent":0,"menu_order":0,"comment_status":"closed","ping_status":"closed","template":"","meta":[],"acf":[],"_links":{"self":[{"href":"https:\/\/isfd809-chu.infd.edu.ar\/sitio\/wp-json\/wp\/v2\/pages\/826"}],"collection":[{"href":"https:\/\/isfd809-chu.infd.edu.ar\/sitio\/wp-json\/wp\/v2\/pages"}],"about":[{"href":"https:\/\/isfd809-chu.infd.edu.ar\/sitio\/wp-json\/wp\/v2\/types\/page"}],"author":[{"embeddable":true,"href":"https:\/\/isfd809-chu.infd.edu.ar\/sitio\/wp-json\/wp\/v2\/users\/1518"}],"replies":[{"embeddable":true,"href":"https:\/\/isfd809-chu.infd.edu.ar\/sitio\/wp-json\/wp\/v2\/comments?post=826"}],"version-history":[{"count":10,"href":"https:\/\/isfd809-chu.infd.edu.ar\/sitio\/wp-json\/wp\/v2\/pages\/826\/revisions"}],"predecessor-version":[{"id":1017,"href":"https:\/\/isfd809-chu.infd.edu.ar\/sitio\/wp-json\/wp\/v2\/pages\/826\/revisions\/1017"}],"wp:attachment":[{"href":"https:\/\/isfd809-chu.infd.edu.ar\/sitio\/wp-json\/wp\/v2\/media?parent=826"}],"curies":[{"name":"wp","href":"https:\/\/api.w.org\/{rel}","templated":true}]}}