{"id":801,"date":"2022-10-26T11:42:16","date_gmt":"2022-10-26T14:42:16","guid":{"rendered":"https:\/\/isfd809-chu.infd.edu.ar\/sitio\/?page_id=801"},"modified":"2025-11-12T21:47:09","modified_gmt":"2025-11-13T00:47:09","slug":"normativas","status":"publish","type":"page","link":"https:\/\/isfd809-chu.infd.edu.ar\/sitio\/normativas\/","title":{"rendered":"Normativa"},"content":{"rendered":"\n<figure class=\"wp-block-image size-full\"><a href=\"https:\/\/isfd809-chu.infd.edu.ar\/sitio\"><img decoding=\"async\" loading=\"lazy\" width=\"1200\" height=\"216\" src=\"https:\/\/isfd809-chu.infd.edu.ar\/sitio\/wp-content\/uploads\/2024\/02\/O-tambien-podes-acceder-directamente-al-6.png\" alt=\"\" class=\"wp-image-2331\" srcset=\"https:\/\/isfd809-chu.infd.edu.ar\/sitio\/wp-content\/uploads\/2024\/02\/O-tambien-podes-acceder-directamente-al-6.png 1200w, https:\/\/isfd809-chu.infd.edu.ar\/sitio\/wp-content\/uploads\/2024\/02\/O-tambien-podes-acceder-directamente-al-6-1000x180.png 1000w, https:\/\/isfd809-chu.infd.edu.ar\/sitio\/wp-content\/uploads\/2024\/02\/O-tambien-podes-acceder-directamente-al-6-768x138.png 768w\" sizes=\"(max-width: 1200px) 100vw, 1200px\" \/><\/a><\/figure>\n\n\n\n<link href=\"https:\/\/cdn.jsdelivr.net\/npm\/bootstrap@5.3.0\/dist\/css\/bootstrap.min.css\" rel=\"stylesheet\">\n<link rel=\"stylesheet\" href=\"https:\/\/cdn.jsdelivr.net\/npm\/bootstrap-icons@1.10.0\/font\/bootstrap-icons.css\">\n\n<style>\n.search-container {\n    display: flex;\n    align-items: center;\n    background: white;\n    border-radius: 4px;\n    padding: 0 10px;\n    box-shadow: 0 1px 2px rgba(0,0,0,0.1);\n    height: 38px;\n    margin-bottom: 0.5rem;\n    border: 1px solid #673ab7;\n}\n\n.search-container input {\n    border: none;\n    outline: none;\n    background: none;\n    width: 100%;\n    padding: 4px 5px;\n    height: 100%;\n    font-size: 0.9rem;\n}\n\n.search-container i {\n    color: #673ab7;\n}\n\n.search-container:focus-within {\n    box-shadow: 0 0 0 2px rgba(103, 58, 183, 0.5);\n}\n\ntr.hidden-row {\n    display: none;\n}\n<\/style>\n\n\n\n<link href=\"https:\/\/cdn.jsdelivr.net\/npm\/bootstrap@5.3.0\/dist\/css\/bootstrap.min.css\" rel=\"stylesheet\">\n\n<div class=\"container-fluid px-0\">\n  <div class=\"search-container mx-2 mt-3\" style=\"max-width: 350px;\">\n    <i class=\"bi bi-search me-2\"><\/i>\n    <input type=\"text\" id=\"searchInput\" placeholder=\"Buscar normativa, dise\u00f1o curricular...\" autocomplete=\"off\">\n  <\/div>\n  \n  <div class=\"card mb-4 shadow-sm\">\n    <h3 class=\"card-header text-white\" style=\"background-color:#673ab7\">Nacional<\/h3>\n    <div class=\"list-group list-group-flush\">\n      <a href=\"https:\/\/drive.google.com\/file\/d\/19izIpmCwyX9zyPBX05MdvpHkzJWvMbfu\/view\" class=\"list-group-item list-group-item-action py-2 border-bottom\">Res CFE 337-18 Capacidades profesionales<\/a>\n      <a href=\"https:\/\/drive.google.com\/file\/d\/1JE4jzPD0CaOIhMgGlO2FvgSrle_bcHFn\/view\" class=\"list-group-item list-group-item-action py-2 border-bottom\">Res CFE 286-16 Plan nacional de formaci\u00f3n docente<\/a>\n      <a href=\"https:\/\/drive.google.com\/file\/d\/1FDoYemcK6sqvJVAIvkSVyJasWg-XQMtD\/view\" class=\"list-group-item list-group-item-action py-2 border-bottom\">Res CFE 251-05 Informe Formaci\u00f3n Docente<\/a>\n      <a href=\"https:\/\/drive.google.com\/file\/d\/1LAszPv6-9R13pRa0BpZp5nrrRftTWLJw\/view\" class=\"list-group-item list-group-item-action py-2 border-bottom\">Res CFE 188-12 Plan Nacional 2O12-16<\/a>\n      <a href=\"https:\/\/drive.google.com\/file\/d\/1hYwOz8iqJPYAxKELtnMyJhSOZZCd_CEN\/view\" class=\"list-group-item list-group-item-action py-2 border-bottom\">Res CFE 140-11 Org. institucional del sistema formador<\/a>\n      <a href=\"https:\/\/drive.google.com\/file\/d\/1gkzVG6FPWpxSpg4ItcfJzhcqFOBiZDAK\/view\" class=\"list-group-item list-group-item-action py-2 border-bottom\">Res CFE 119-10 EIB &#8211; LA MODALIDAD DE EDUCACI\u00d3N INTERCULTURAL BILING\u00dcE EN EL SISTEMA EDUCATIVO NACIONAL<\/a>\n      <a href=\"https:\/\/drive.google.com\/file\/d\/1d_a95i2CFKe7WuKN2yVXHo7Fpp5S79Dm\/view\" class=\"list-group-item list-group-item-action py-2 border-bottom\">Res CFE 72-08 ROM RAM<\/a>\n      <a href=\"https:\/\/drive.google.com\/file\/d\/10t7tOWnP1-7Zm2FR56QQYYkt6Wgj5MgN\/view\" class=\"list-group-item list-group-item-action py-2 border-bottom\">Res CFE 30-07 Funciones del Sistema formador<\/a>\n      <a href=\"https:\/\/drive.google.com\/file\/d\/1wThL5bMGGeT5Q0qOZvSULn8QZZUxJcsj\/view\" class=\"list-group-item list-group-item-action py-2 border-bottom\">Res CFE 24-07 Lineamientos Curriculares<\/a>\n      <a href=\"https:\/\/drive.google.com\/file\/d\/11VyGj_3J-7OTgtn1rlULjtpKV_cDPSn9\/view\" class=\"list-group-item list-group-item-action py-2 border-bottom\">Manual Trabajo Sano y Seguro<\/a>\n      <a href=\"https:\/\/drive.google.com\/file\/d\/1XiW98XHHuRY7LDqxkmYvZkCFhzEFOSAT\/view\" class=\"list-group-item list-group-item-action py-2 border-bottom\">Ley_26892 &#8211; Convivencia escolar<\/a>\n      <a href=\"https:\/\/drive.google.com\/file\/d\/1dcfNwFlfd8mCx1enCch4Xng7EQbNSPik\/view\" class=\"list-group-item list-group-item-action py-2 border-bottom\">Ley_26877 &#8211; Centro de estudiantes<\/a>\n      <a href=\"https:\/\/drive.google.com\/file\/d\/1h7VxpMvPLynzI66zboKH1Tycdo__NT3S\/view\" class=\"list-group-item list-group-item-action py-2 border-bottom\">Ley_262O6 &#8211; Educaci\u00f3n Nacional<\/a>\n      <a href=\"https:\/\/drive.google.com\/file\/d\/1MoZjOCDrB0oYIsSoaRolJ38XLkj6pzcd\/view\" class=\"list-group-item list-group-item-action py-2 border-bottom\">Ley_2615O &#8211; ESI &#8211; PROGRAMA NACIONAL DE EDUCACION SEXUAL INTEGRAL<\/a>\n      <a href=\"https:\/\/drive.google.com\/file\/d\/1AXgEMzzsN5D-_WhfJmTvLxdXMjiLLhyU\/view\" class=\"list-group-item list-group-item-action py-2 border-bottom\">Ley_26061 &#8211; Protecci\u00f3n Integral NNA &#8211; LEY DE PROTECCION INTEGRAL DE LOS DERECHOS\nDE LAS NI\u00d1AS, NI\u00d1OS Y ADOLESCENTES<\/a>\n      <a href=\"https:\/\/drive.google.com\/file\/d\/1KXIu4xxvOGmYT0srlt3Cip62F6ueiPqS\/view\" class=\"list-group-item list-group-item-action py-2 border-bottom\">Ley_25273 &#8211; R\u00e9gimen maternidad estudiantes<\/a>\n      <a href=\"https:\/\/drive.google.com\/file\/d\/1J19uuGLxXFv4DySpSzcRoqm5ny4wd6_P\/view\" class=\"list-group-item list-group-item-action py-2 border-bottom\">Ley_24521 &#8211; Educaci\u00f3n Superior<\/a>\n      <a href=\"https:\/\/drive.google.com\/file\/d\/1ajNcfkxt3sOPZBOdkOWNYNMVgC98HvgJ\/view\" class=\"list-group-item list-group-item-action py-2\">Resoluciones Validaci\u00f3n de Carreras<\/a>\n      <a href=\"https:\/\/drive.google.com\/file\/d\/1jfLkkrPjzZs5O2tcj43l-PnyVSG9_RgW\/view\" class=\"list-group-item list-group-item-action py-2\">RESOLUCI\u00d3N CFE 476\/24 &#8211; LINEAMIENTOS CURRICULARES NACIONALES PARA LA\nFORMACI\u00d3N DOCENTE INICIAL<\/a>\n      <a href=\"https:\/\/drive.google.com\/file\/d\/1X2DQ1aNo7YOQ03EBjvXIdDJzuYq1zXP4\/view\" class=\"list-group-item list-group-item-action py-2\">RESOLUCI\u00d3N CFE 477\/24 &#8211; SIFIECAI &#8211; SISTEMA FEDERAL INTEGRADO DE\nEVALUACI\u00d3N, CERTIFICACI\u00d3N Y ACREDITACI\u00d3N INSTITUCIONAL DE LA FORMACI\u00d3N DOCENTE<\/a>\n    <\/div>\n  <\/div>\n\n  <div class=\"card mb-4 shadow-sm\">\n    <h3 class=\"card-header text-white\" style=\"background-color:#673ab7\">Provincial<\/h3>\n    <div class=\"list-group list-group-flush\">\n      <a href=\"https:\/\/drive.google.com\/file\/d\/1FP-Z5l9ppKBTn9ef0YBG8CN70i-W-KHE\/view\" class=\"list-group-item list-group-item-action py-2 border-bottom\">ROM &#8211; REGLAMENTO ORG\u00c1NICO MARCO PARA LA EDUCACI\u00d3N SUPERIOR<\/a>\n      <a href=\"https:\/\/drive.google.com\/file\/d\/1CDkyhgEuMxHv0VPLwXyPM0srIroIoCAh\/view\" class=\"list-group-item list-group-item-action py-2 border-bottom\">Res_MECH 879-23 C\u00e1tedra Abierta<\/a>\n      <a href=\"https:\/\/drive.google.com\/file\/d\/1oTf5Yd-qk525Kh3DrlU-0wfTziKSatgC\/view\" class=\"list-group-item list-group-item-action py-2 border-bottom\">Res_MECH 500-15 Residencias estudiantes<\/a>\n      <a href=\"https:\/\/drive.google.com\/file\/d\/1RSH-sTN0mSeA6ozLLXN1AOnU-dEbdWqv\/view\" class=\"list-group-item list-group-item-action py-2 border-bottom\">Res_ MECH 285-19 &#8211; Comisi\u00f3n de Apoyo<\/a>\n      <a href=\"https:\/\/drive.google.com\/file\/d\/1gTtqQj2Pn8p7x8W8TfNH0cFRTHiN_r8D\/view\" class=\"list-group-item list-group-item-action py-2 border-bottom\">Reglamento Gral de ESCUELAS<\/a>\n      <a href=\"https:\/\/drive.google.com\/file\/d\/17LUDVsSyHBnoWK6vnMKcNbSoyC2-qmKD\/view\" class=\"list-group-item list-group-item-action py-2 border-bottom\">REGLAMENTO JURISDICCIONAL DE PR\u00c1CTICAS Y RESIDENCIAS PARA LA FORMACI\u00d3N DOCENTE INICIAL ANEXO I<\/a>\n      <a href=\"https:\/\/drive.google.com\/file\/d\/13ZDhLWV9kmFXeCiRIyKkgkMWJQgx-Ayi\/view\" class=\"list-group-item list-group-item-action py-2 border-bottom\">R\u00e9gimen de Licencias<\/a>\n      <a href=\"https:\/\/drive.google.com\/file\/d\/1C50tlFgZ-oZ-kYHia1V-CKPCTOmDNcn5\/view\" class=\"list-group-item list-group-item-action py-2 border-bottom\">RAM &#8211; R\u00c9GIMEN ACAD\u00c9MICO MARCO DE LA EDUCACI\u00d3N SUPERIOR<\/a>\n      <a href=\"https:\/\/drive.google.com\/file\/d\/1x0feVzXW4jY0ATsOBY9TCqCQQAMJLC-3\/view\" class=\"list-group-item list-group-item-action py-2 border-bottom\">Ley incompatibilidad<\/a>\n      <a href=\"https:\/\/drive.google.com\/file\/d\/1aQ_unG0UfTyuYfT-5kCLX2vJ3PQSUvzo\/view\" class=\"list-group-item list-group-item-action py-2 border-bottom\">Ley de Educaci\u00f3n Provincial<\/a>\n      <a href=\"https:\/\/drive.google.com\/file\/d\/1gh89aDBxfuPQfRxe7x_iJqzBHNkZKDFx\/view\" class=\"list-group-item list-group-item-action py-2 border-bottom\">Kioscos saludables<\/a>\n      <a href=\"https:\/\/drive.google.com\/file\/d\/14iS2_BgduMGg8ecm62LWTdEFfrO4lJ7P\/view\" class=\"list-group-item list-group-item-action py-2 border-bottom\">GU\u00cdA JURISDICCIONAL DE PROCEDIMIENTOS ANTE SITUACIONES EMERGENTES EN LOS ESTABLECIMIENTOS EDUCATIVOS<\/a>\n      <a href=\"https:\/\/drive.google.com\/file\/d\/1xhBWpWpv4chT27wklkj3vZuOLQRDQ3Nb\/view\" class=\"list-group-item list-group-item-action py-2 border-bottom\">ESTATUTO DEL PERSONAL DOCENTE DEPENDIENTE DEL MINISTERIO DE EDUCACI\u00d3N<\/a>\n      <a href=\"https:\/\/drive.google.com\/file\/d\/1EoU_N4LbPGjTX2r2c4iDROhRDjE2XfU5\/view\" class=\"list-group-item list-group-item-action py-2\">Circular 1O-22 DGRH-ME<\/a>\n    <\/div>\n  <\/div>\n\n  <div class=\"card mb-4 shadow-sm\">\n    <h3 class=\"card-header text-white\" style=\"background-color:#673ab7\">Institucional<\/h3>\n    <div class=\"list-group list-group-flush\">\n      <a href=\"https:\/\/drive.google.com\/file\/d\/1hQwwlki1vQoCXWmQPFh0dhIPF6poEeCG\/view\" class=\"list-group-item list-group-item-action py-2 border-bottom\">UDI 2023-2024<\/a>\n      <a href=\"https:\/\/drive.google.com\/file\/d\/1X11T1iOFN32cnVTvlf_dt1s06-MGN-xw\/view\" class=\"list-group-item list-group-item-action py-2 border-bottom\">Sistema de Cr\u00e9ditos<\/a>\n      <a href=\"https:\/\/drive.google.com\/file\/d\/13ANZUDt8P-ku-50bxiRpp-Qdyrp6wlaX\/view\" class=\"list-group-item list-group-item-action py-2 border-bottom\">ROI &#8211; REGLAMENTO ORG\u00c1NICO INSTITUCIONAL<\/a>\n      <a href=\"https:\/\/drive.google.com\/file\/d\/1x3s_xO6F74qbMMcoHYvak1w-dyS4Psd-\/view\" class=\"list-group-item list-group-item-action py-2 border-bottom\">RAI &#8211; R\u00c9GIMEN ACAD\u00c9MICO INSTITUCIONAL<\/a>\n      <a href=\"https:\/\/drive.google.com\/file\/d\/1mxjX8pHGSchTCSUze9HY2OI0yrqdP7xZ\/view\" class=\"list-group-item list-group-item-action py-2 border-bottom\">Plan de Acciones y Criterios para Prevenir, Detectar, Intervenir y Erradicar Violencias de G\u00e9nero<\/a>\n      <a href=\"https:\/\/drive.google.com\/file\/d\/1tfXR-R_IAa-8wMs1jMmvBXCH8f2dakRK\/view\" class=\"list-group-item list-group-item-action py-2 border-bottom\">Instructivo para Tribunales Remotos<\/a>\n      <a href=\"https:\/\/drive.google.com\/file\/d\/1-PTikCTdEXmdMo9LqTFC56neYD-1CASI\/view\" class=\"list-group-item list-group-item-action py-2 border-bottom\">Estatuto Centro de Estudiantes<\/a>\n      <a href=\"https:\/\/drive.google.com\/file\/d\/1IrjUhwgYwXxgwJW3mZCuXZuBkQqu_1n3\/view\" class=\"list-group-item list-group-item-action py-2 border-bottom\">Acuerdo de Convivencia Institucional<\/a>\n      <a href=\"https:\/\/drive.google.com\/file\/d\/1fxoG5DmeCDp-Gn6Z4NNQQjEY9GZ8PA89\/view\" class=\"list-group-item list-group-item-action py-2\">Reglamento Institucional de Pr\u00e1cticas Profesionales<\/a>\n    <\/div>\n  <\/div>\n\n  <div class=\"card mb-4 shadow-sm\">\n    <h3 class=\"card-header text-white\" style=\"background-color:#673ab7\">Seguros escolares<\/h3>\n    <div class=\"list-group list-group-flush\">\n      <a href=\"https:\/\/docs.google.com\/document\/d\/1N0KNE80Cl0pQL6qd3zm5CRFC3xhv0nVk\/edit\" class=\"list-group-item list-group-item-action py-2 border-bottom\">Planilla para Seguros PPD &#8211; Formulario.docx<\/a>\n      <a href=\"https:\/\/drive.google.com\/file\/d\/1-ihxK7fnD8CvDhpEowj72v8atVg0hiSB\/view\" class=\"list-group-item list-group-item-action py-2 border-bottom\">Instructivo de uso<\/a>\n      <a href=\"https:\/\/drive.google.com\/file\/d\/1ISRgRXEssEL9cJtbNIZC_zUhdslJTCL6\/view\" class=\"list-group-item list-group-item-action py-2 border-bottom\">Informe de accidente de trabajo o enfermedad profesional &#8211; ART 16022017<\/a>\n      <a href=\"https:\/\/drive.google.com\/file\/d\/1hHC7D6U8IESvHyMMjXGdefZFeGbPCn1E\/view\" class=\"list-group-item list-group-item-action py-2\">Denuncia de siniestros. Seguro de accidentes personales &#8211; ALUMNOS 16022017<\/a>\n    <\/div>\n  <\/div>\n\n  <div class=\"card mb-4 shadow-sm\">\n    <h3 class=\"card-header text-white\" style=\"background-color:#673ab7\">Dise\u00f1os Curriculares<\/h3>\n    <div class=\"list-group list-group-flush\">\n      <a href=\"https:\/\/drive.google.com\/file\/d\/1aZ-aU2lBdShcywqyS4tMnPT6pd09ObX0\/view?usp=drive_link\" class=\"list-group-item list-group-item-action py-2 border-bottom\">Actualizaci\u00f3n Acad\u00e9mica en Procesos de Orientaci\u00f3n y Tutor\u00eda<\/a>\n      <a href=\"https:\/\/drive.google.com\/file\/d\/1AMRwbGO4FXLov30x86ZWRNZ5oRlQC3kP\/view?usp=drive_link\" class=\"list-group-item list-group-item-action py-2 border-bottom\">Dise\u00f1o Curricular Geograf\u00eda (plan 544_19)<\/a>\n      <a href=\"https:\/\/drive.google.com\/file\/d\/1Ns7Zzeha9xNMWgD74QCA1Y4FRp4pSA9X\/view?usp=drive_link\" class=\"list-group-item list-group-item-action py-2 border-bottom\">Dise\u00f1o Curricular Historia (plan 547_19)<\/a>\n      <a href=\"https:\/\/drive.google.com\/file\/d\/1aDbtFo_sNQNI01O5ebegRvm9vd3-g_T0\/view?usp=drive_link\" class=\"list-group-item list-group-item-action py-2 border-bottom\">Dise\u00f1o curricular Ingl\u00e9s (plan 308_14)<\/a>\n      <a href=\"https:\/\/drive.google.com\/file\/d\/1plfArq5HONmz8Fs-Qs-7Kb8zueebKupK\/view?usp=drive_link\" class=\"list-group-item list-group-item-action py-2 border-bottom\">Dise\u00f1o Curricular Ingl\u00e9s (plan 326_22)<\/a>\n      <a href=\"https:\/\/drive.google.com\/file\/d\/1XEVfJZXh8vUpg9BDxQbPzhKW6FzG8hQy\/view?usp=drive_link\" class=\"list-group-item list-group-item-action py-2 border-bottom\">Dise\u00f1o Curricular Inicial (plan 327_22)<\/a>\n      <a href=\"https:\/\/drive.google.com\/file\/d\/1utDQTw8ohXzdjSHeASpB9YbC6LuPvG16\/view?usp=drive_link\" class=\"list-group-item list-group-item-action py-2 border-bottom\">Dise\u00f1o Curricular Lengua (plan 536_19)<\/a>\n      <a href=\"https:\/\/drive.google.com\/file\/d\/1u1PbeVNp_lwBzB2K5CfjYxeX0i4THPuu\/view?usp=drive_link\" class=\"list-group-item list-group-item-action py-2 border-bottom\">Dise\u00f1o Curricular Primaria (Plan 328_22)<\/a>\n      <a href=\"https:\/\/drive.google.com\/file\/d\/1jJmbr9dYoriB1FdnSQPjCjRgPq6H0YI1\/view?usp=drive_link\" class=\"list-group-item list-group-item-action py-2 border-bottom\">Dise\u00f1o Curricular (Plan 409_18)<\/a>\n      <a href=\"https:\/\/drive.google.com\/file\/d\/1CbSjw1bJVrFYfzmauPJCZLOf7w4ArHHm\/view?usp=drive_link\" class=\"list-group-item list-group-item-action py-2\">Dise\u00f1o Curricular Tiempo Libre (plan 640_14)<\/a>\n    <\/div>\n  <\/div>\n\n  <div class=\"card mb-4 shadow-sm\">\n    <h3 class=\"card-header text-white\" style=\"background-color:#673ab7\">Estructura Curricular<\/h3>\n    <div class=\"list-group list-group-flush\">\n      <a href=\"https:\/\/drive.google.com\/file\/d\/14qOfJfUnxPVBiFv1VjlPn46O_NQAOzVS\/view?usp=drive_link\" class=\"list-group-item list-group-item-action py-2 border-bottom\">Estructura Curricular Geograf\u00eda (plan 544_19)<\/a>\n      <a href=\"https:\/\/drive.google.com\/file\/d\/1VIz9aVThjlHK6pZZ_Mi0qrZd2aclSW5x\/view?usp=drive_link\" class=\"list-group-item list-group-item-action py-2 border-bottom\">Estructura Curricular Historia (plan 547_19)<\/a>\n      <a href=\"https:\/\/drive.google.com\/file\/d\/1Wu9VYMgXB-7djwzsXOPs-yxL_Hs3b76d\/view?usp=drive_link\" class=\"list-group-item list-group-item-action py-2 border-bottom\">Estructura curricular Ingl\u00e9s (plan 308_14)<\/a>\n      <a href=\"https:\/\/drive.google.com\/file\/d\/1b00OTcAQOQ3rAoggvAOKdUYZbVO1R8LE\/view?usp=drive_link\" class=\"list-group-item list-group-item-action py-2 border-bottom\">Estructura Curricular Ingl\u00e9s (plan 326_22)<\/a>\n      <a href=\"https:\/\/drive.google.com\/file\/d\/14Y1pPqoX4ldY377-jkhezLjj-Z8AKAKw\/view?usp=drive_link\" class=\"list-group-item list-group-item-action py-2 border-bottom\">Estructura Curricular Inicial (plan 327_22)<\/a>\n      <a href=\"https:\/\/drive.google.com\/file\/d\/1PuFXoZDHb0FftpE0RJP2iYWZs7UBH6hI\/view?usp=drive_link\" class=\"list-group-item list-group-item-action py-2 border-bottom\">Estructura Curricular Lengua (plan 536_19)<\/a>\n      <a href=\"https:\/\/drive.google.com\/file\/d\/17Lw4K8YchbXjvhPDNB_jcIPMCzkJWYlJ\/view?usp=drive_link\" class=\"list-group-item list-group-item-action py-2 border-bottom\">Estructura Curricular Primaria (Plan 328_22)<\/a>\n      <a href=\"https:\/\/drive.google.com\/file\/d\/1dGzeiixxO9sOTyGg9HpCTXDBeDki2lit\/view?usp=drive_link\" class=\"list-group-item list-group-item-action py-2 border-bottom\">Estructura Curricular (Plan 409_18)<\/a>\n      <a href=\"https:\/\/drive.google.com\/file\/d\/1xSHPFarJlNGu8PXrNAIn_G4cN2TNTu1s\/view?usp=drive_link\" class=\"list-group-item list-group-item-action py-2\">Estructura Curricular Tiempo Libre (plan 640_14)<\/a>\n    <\/div>\n  <\/div>\n\n  <div class=\"card mb-4 shadow-sm\">\n    <h3 class=\"card-header text-white\" style=\"background-color:#673ab7\">Correlatividades<\/h3>\n    <div class=\"list-group list-group-flush\">\n      <a href=\"https:\/\/drive.google.com\/file\/d\/1sJA6lL98k-rUCjd0uUQWUO2Pj969wJVI\/view?usp=drive_link\" class=\"list-group-item list-group-item-action py-2 border-bottom\">Correlatividades Geograf\u00eda (plan 544_19)<\/a>\n      <a href=\"https:\/\/drive.google.com\/file\/d\/13CcDe8F9RvGNWIk-kaeb9HivXA_PY5i5\/view?usp=drive_link\" class=\"list-group-item list-group-item-action py-2 border-bottom\">Correlatividades Historia (plan 547_19)<\/a>\n      <a href=\"https:\/\/drive.google.com\/file\/d\/1uBS87fHk1dVkz-rEZ2gBg82YCODrpY_s\/view?usp=drive_link\" class=\"list-group-item list-group-item-action py-2 border-bottom\">Correlatividades Ingl\u00e9s (Plan 326_22)<\/a>\n      <a href=\"https:\/\/drive.google.com\/file\/d\/1CZ8NUAJx1x5K53AiH6tAeskba6bL9g2m\/view?usp=drive_link\" class=\"list-group-item list-group-item-action py-2 border-bottom\">Correlatividades Inicial (plan 327_22)<\/a>\n      <a href=\"https:\/\/drive.google.com\/file\/d\/12N5EIIBkqmDfEtBCsc5hXweFq7A9awfu\/view?usp=drive_link\" class=\"list-group-item list-group-item-action py-2 border-bottom\">Correlatividades Lengua (Plan 536_19)<\/a>\n      <a href=\"https:\/\/drive.google.com\/file\/d\/15o9yJB01X_BODXtAFZEH9-VuAYGx-YH9\/view?usp=drive_link\" class=\"list-group-item list-group-item-action py-2 border-bottom\">Correlatividades Primaria (Plan 328_22)<\/a>\n      <a href=\"https:\/\/drive.google.com\/file\/d\/11t1JveokaOX0oxQchxHqYh-TpflOBrjp\/view?usp=drive_link\" class=\"list-group-item list-group-item-action py-2 border-bottom\">Correlatividades (Plan 409_18)<\/a>\n      <a href=\"https:\/\/drive.google.com\/file\/d\/1WJKnJ9vN6OO77MdtFtm5qZNkcdTkYTur\/view?usp=drive_link\" class=\"list-group-item list-group-item-action py-2\">Correlatividades Tiempo Libre (Plan 640_14)<\/a>\n    <\/div>\n  <\/div>\n<\/div>\n\n<script src=\"https:\/\/cdn.jsdelivr.net\/npm\/bootstrap@5.3.0\/dist\/js\/bootstrap.bundle.min.js\"><\/script>\n\n<script>\ndocument.addEventListener('DOMContentLoaded', function() {\n  const searchInput = document.getElementById('searchInput');\n  \n  searchInput.addEventListener('input', function() {\n    const searchText = this.value.toLowerCase().normalize(\"NFD\").replace(\/[\\u0300-\\u036f]\/g, \"\").replace(\/[^\\w\\s]\/gi, '');\n    const links = document.querySelectorAll('.list-group-item-action');\n    \n    links.forEach(link => {\n      \/\/ Guardar texto original para restaurar\n      if (!link.hasAttribute('data-original-text')) {\n        link.setAttribute('data-original-text', link.innerHTML);\n      }\n      \n      \/\/ Restaurar texto original antes de hacer nueva b\u00fasqueda\n      const originalText = link.getAttribute('data-original-text');\n      link.innerHTML = originalText;\n      \n      \/\/ Normalizar texto para la comparaci\u00f3n\n      const text = originalText.toLowerCase().normalize(\"NFD\").replace(\/[\\u0300-\\u036f]\/g, \"\").replace(\/[^\\w\\s]\/gi, '');\n      \n      \/\/ Verificar coincidencia\n      if (searchText === '') {\n        link.style.display = '';\n      } else if (text.includes(searchText)) {\n        link.style.display = '';\n        \n        \/\/ Funci\u00f3n para crear una expresi\u00f3n regular que coincida con variaciones acentuadas\n        function createAccentInsensitiveRegex(str) {\n          \/\/ Mapeo de letras a sus posibles variaciones con acentos\n          const accentMap = {\n            'a': '[a\u00e1\u00e0\u00e4\u00e2\u00e3]',\n            'e': '[e\u00e9\u00e8\u00eb\u00ea]',\n            'i': '[i\u00ed\u00ec\u00ef\u00ee]',\n            'o': '[o\u00f3\u00f2\u00f6\u00f4\u00f5]',\n            'u': '[u\u00fa\u00f9\u00fc\u00fb]',\n            'n': '[n\u00f1]',\n            'c': '[c\u00e7]'\n          };\n          \n          \/\/ Escapar caracteres especiales primero y luego reemplazar con mapeo de acentos\n          const escaped = str.replace(\/[-\\\/\\\\^$*+?.()|[\\]{}]\/g, '\\\\$&');\n          let result = escaped;\n          for (const char in accentMap) {\n            result = result.replace(new RegExp(char, 'g'), accentMap[char]);\n          }\n          return result;\n        }\n        \n        \/\/ Crear regex que sea insensible a acentos\n        const accentInsensitiveRegex = new RegExp(createAccentInsensitiveRegex(searchText), 'gi');\n        const highlightedText = originalText.replace(accentInsensitiveRegex, match => `<span style=\"background-color: #ffeb3b; color: #000;\">${match}<\/span>`);\n        link.innerHTML = highlightedText;\n      } else {\n        link.style.display = 'none';\n      }\n    });\n    \n    \/\/ Verificar si hay enlaces visibles en cada secci\u00f3n\n    document.querySelectorAll('.card').forEach(card => {\n      const visibleLinks = card.querySelectorAll('.list-group-item-action:not([style*=\"display: none\"])').length;\n      if (visibleLinks === 0) {\n        card.style.display = 'none';\n      } else {\n        card.style.display = '';\n      }\n    });\n  });\n});\n<\/script>\n\n<style>\n.container-fluid {\n    max-width: 100% !important;\n    padding: 1rem 0 !important;\n}\n\n.card {\n    border-radius: 0 !important;\n    border-left: 0 !important;\n    border-right: 0 !important;\n    margin: 0 0 2rem 0 !important;\n}\n\n.list-group-item-action {\n    color: #673ab7 !important;\n    background: transparent !important;\n    border-left: 0 !important;\n    border-right: 0 !important;\n    border-color: #e0e0e0 !important;\n    padding: 0.5rem 1rem !important;\n    transition: background-color 0.2s ease !important;\n}\n\n.list-group-item-action:hover {\n    background: #f8f9fa !important;\n    color: #512da8 !important;\n}\n<\/style>\n","protected":false},"excerpt":{"rendered":"<p>Nacional Res CFE 337-18 Capacidades profesionales Res CFE 286-16 Plan nacional de formaci\u00f3n docente Res CFE 251-05 Informe Formaci\u00f3n Docente Res CFE 188-12 Plan Nacional 2O12-16 Res CFE 140-11 Org. institucional del sistema formador Res CFE 119-10 EIB &#8211; LA MODALIDAD DE EDUCACI\u00d3N INTERCULTURAL BILING\u00dcE EN EL SISTEMA EDUCATIVO NACIONAL Res CFE 72-08 ROM RAM &#8230; <a title=\"Normativa\" class=\"read-more\" href=\"https:\/\/isfd809-chu.infd.edu.ar\/sitio\/normativas\/\" aria-label=\"More on Normativa\">[+]<\/a><\/p>\n","protected":false},"author":1518,"featured_media":0,"parent":0,"menu_order":0,"comment_status":"closed","ping_status":"closed","template":"","meta":[],"acf":[],"_links":{"self":[{"href":"https:\/\/isfd809-chu.infd.edu.ar\/sitio\/wp-json\/wp\/v2\/pages\/801"}],"collection":[{"href":"https:\/\/isfd809-chu.infd.edu.ar\/sitio\/wp-json\/wp\/v2\/pages"}],"about":[{"href":"https:\/\/isfd809-chu.infd.edu.ar\/sitio\/wp-json\/wp\/v2\/types\/page"}],"author":[{"embeddable":true,"href":"https:\/\/isfd809-chu.infd.edu.ar\/sitio\/wp-json\/wp\/v2\/users\/1518"}],"replies":[{"embeddable":true,"href":"https:\/\/isfd809-chu.infd.edu.ar\/sitio\/wp-json\/wp\/v2\/comments?post=801"}],"version-history":[{"count":79,"href":"https:\/\/isfd809-chu.infd.edu.ar\/sitio\/wp-json\/wp\/v2\/pages\/801\/revisions"}],"predecessor-version":[{"id":5668,"href":"https:\/\/isfd809-chu.infd.edu.ar\/sitio\/wp-json\/wp\/v2\/pages\/801\/revisions\/5668"}],"wp:attachment":[{"href":"https:\/\/isfd809-chu.infd.edu.ar\/sitio\/wp-json\/wp\/v2\/media?parent=801"}],"curies":[{"name":"wp","href":"https:\/\/api.w.org\/{rel}","templated":true}]}}